{"id":830,"date":"2021-07-20T00:09:16","date_gmt":"2021-07-20T00:09:16","guid":{"rendered":"https:\/\/kolektor-components.com\/vesti\/"},"modified":"2021-08-02T14:09:57","modified_gmt":"2021-08-02T14:09:57","slug":"vesti","status":"publish","type":"page","link":"https:\/\/kolektor-components.com\/sr\/vesti\/","title":{"rendered":"Vesti"},"content":{"rendered":"<p>Regionalna privredna komora \u0160umadijskog i Pomoravskog upravnog okruga nagradila je privredna dru\u0161tva i poslovne lidere koji su se istakli radom, anga\u017eovanjem i rezultatima u 2020. godini.<\/p>\n<p>Dobitnik nagrade za regionalnog poslovnog lidera u 2020. godini je direktor UNIOR Components Ljubinko Mijailovi\u0107 koji je ostvario izuzetne poslovne rezultate.<\/p>\n<p>Godina koja je iza nas bila je izuzetno te\u0161ka, jer je u Srbiji zbog korona virusa bilo na snazi vanredno stanje.<\/p>\n<p>Uprkos toj \u010dinjenici, kompanija UNIOR Components je radila punom parom u izuzetno te\u0161kim okolnostima kada su bile zatvorene granice i kada je bila onemogu\u0107ena nabavka repromaterijala, ali i plasman robe, izvoz.<\/p>\n<p>U ovoj kompaniji zaposleno je vi\u0161e od 160 radnika, a izvozni program unior komponents ostvaruje sa oko 30 zemalja sveta.<\/p>\n<p>Nagrada mnogo zna\u010di, ka\u017ee Ljubinko Mijalilovi\u0107, direktor ove kompanije, koji dodaje da predstoji te\u0161ka borba za tr\u017ei\u0161te, kupce i plasman robe.<\/p>\n<p>Ova kompanija je, prema rezultatima poslovanja i primenjenim tehnologijama, po na\u010dinu upravljanja i prisustvu na referentnom tr\u017ei\u0161tu, ali i po statusu zaposlenih, jedna od najboljih u Srbiji, navode u Regionalnoj privrednoj komori \u0160umadijskog i Pomoravskog upravnog okruga.<\/p>\n<p>Nesumnjivo najva\u017eniju zaslugu ima direktor kompanije Ljubinko Mijailovi\u0107, istakao je Predrag Lu\u010di\u0107, direktor Regionalne privredne komore \u0160umadijskog i Pomoravskog upravnog okruga koji je uru\u010dio nagradu regionalnog poslovnog lidera za 2020. godinu.<\/p>\n<p>U prvih 11 meseci privreda \u0160umadijskog upravnog okruga ostvarila je spoljno-trgovinski suficit u vrednosti od 362 miliona evra, dok je privreda grada Kragujevca u istom periodu ostvrila spoljno trgovinski suficit od 127 miliona evra.<\/p>\n<p>Vrlo zna\u010dajno mesto u ostvarivanju ovih rezultata ima i komapnija UNIOR Components.<\/p>\n<p><iframe title=\"Direktor UNIOR komponents najbolji regionalni lider\" width=\"640\" height=\"360\" src=\"https:\/\/www.youtube.com\/embed\/9r2jWSLrvQ0?feature=oembed\" frameborder=\"0\" allow=\"accelerometer; autoplay; clipboard-write; encrypted-media; gyroscope; picture-in-picture; web-share\" referrerpolicy=\"strict-origin-when-cross-origin\" allowfullscreen><\/iframe><\/p>\n<p><em><strong>Vest preuzeta sa: https:\/\/rtk.co.rs\/direktor-unior-komponents-najbolji-regionalni-lider\/\u00a0<\/strong><\/em><\/p>\n","protected":false},"excerpt":{"rendered":"<p>Regionalna privredna komora \u0160umadijskog i Pomoravskog upravnog okruga nagradila je privredna dru\u0161tva i poslovne lidere koji su se istakli radom, anga\u017eovanjem i rezultatima u 2020. godini. Dobitnik nagrade za regionalnog poslovnog lidera u 2020. godini je direktor UNIOR Components Ljubinko Mijailovi\u0107 koji je ostvario izuzetne poslovne rezultate. Godina koja je iza nas bila je izuzetno [&hellip;]<\/p>\n","protected":false},"author":5,"featured_media":0,"parent":0,"menu_order":0,"comment_status":"closed","ping_status":"closed","template":"templates\/vesti-template.php","meta":{"_monsterinsights_skip_tracking":false,"_monsterinsights_sitenote_active":false,"_monsterinsights_sitenote_note":"","_monsterinsights_sitenote_category":0,"footnotes":""},"class_list":["post-830","page","type-page","status-publish","hentry"],"aioseo_notices":[],"_links":{"self":[{"href":"https:\/\/kolektor-components.com\/sr\/wp-json\/wp\/v2\/pages\/830","targetHints":{"allow":["GET"]}}],"collection":[{"href":"https:\/\/kolektor-components.com\/sr\/wp-json\/wp\/v2\/pages"}],"about":[{"href":"https:\/\/kolektor-components.com\/sr\/wp-json\/wp\/v2\/types\/page"}],"author":[{"embeddable":true,"href":"https:\/\/kolektor-components.com\/sr\/wp-json\/wp\/v2\/users\/5"}],"replies":[{"embeddable":true,"href":"https:\/\/kolektor-components.com\/sr\/wp-json\/wp\/v2\/comments?post=830"}],"version-history":[{"count":0,"href":"https:\/\/kolektor-components.com\/sr\/wp-json\/wp\/v2\/pages\/830\/revisions"}],"wp:attachment":[{"href":"https:\/\/kolektor-components.com\/sr\/wp-json\/wp\/v2\/media?parent=830"}],"curies":[{"name":"wp","href":"https:\/\/api.w.org\/{rel}","templated":true}]}}