{"id":4475,"date":"2021-09-16T09:14:23","date_gmt":"2021-09-16T09:14:23","guid":{"rendered":"https:\/\/kolektor-components.com\/?page_id=4475"},"modified":"2021-09-16T10:43:15","modified_gmt":"2021-09-16T10:43:15","slug":"politika-privatnosti","status":"publish","type":"page","link":"https:\/\/kolektor-components.com\/sr\/politika-privatnosti\/","title":{"rendered":"Politika privatnosti"},"content":{"rendered":"<p>Po\u0161tovani posetioci,<br \/>\nHvala na poseti na\u0161e internet prezentacije.<\/p>\n<p>Va\u0161 pristup na\u0161em sajtu podle\u017ee uslovima kori\u0161\u0107enja internet sajta i politici privatnosti, kao i va\u017ee\u0107im propisima Republike Srbije koji ure\u0111uju ovu oblast. Pristupom i kori\u0161\u0107enjem na\u0161eg internet sajta, prihvatate bez ograni\u010denja, ove uslove kori\u0161\u0107enja.<br \/>\nUNIOR Components \u010duva privatnost svih posetilaca ovog internet sajta i \u0161titi li\u010dne podatke posetilaca (u daljem tekstu: posetilac i\/ili korisnik internet sajta).<\/p>\n<h3>Upotreba informacija<\/h3>\n<p>Svi korisnici interneta mogu bez ograni\u010denja i u skladu sa uslovima kori\u0161\u0107enja, posetiti internet prezentacije UNIOR Components bez otkrivanja bilo kakve li\u010dne informacije o sebi. Sve informacije koje prikupljamo koristimo kako bismo olak\u0161ali upotrebu internet prezentacije, kao i da bismo spre\u010dili zloupotrebu i nelegalne aktivnosti na njoj.<br \/>\nPrikupljamo samo informacije o kori\u0161\u0107enju internet prezentacije, poput broja preuzimanja odre\u0111enih datoteka, dnevnog broja korisnika, broja pregledanih stranica, IP adrese ra\u010dunara. Ove informacije se prikupljaju bez pojedina\u010dne identifikacije, iako se IP adrese mogu koristiti u slu\u010dajevima spre\u010davanja zloupotreba i nelegalnih aktivnosti. Ove informacije koristimo kako bismo unapredili internet prezentaciju i pru\u017eili \u0161to relevantnije iskustvo na\u0161im korisnicima.<\/p>\n<h3>Prikupljanje li\u010dnih podataka<\/h3>\n<p>U slu\u010daju kada od vas zatra\u017eimo druge li\u010dne informacije, zatra\u017ei\u0107emo i va\u0161 pristanak (npr. upotrebom online formulara ili putem e-maila), u vidu posebne Saglasnosti, a vas obavestiti o procesu i svrsi prikupljanja informacija.<br \/>\nLi\u010dne podatke koje nam date ili do kojih do\u0111emo putem ovog internet sajta, koristi\u0107emo isklju\u010divo za odgovaranje na va\u0161a pitanja i\/ili za pobolj\u0161anje na\u0161ih usluga, obave\u0161tavanje o ponudama i dodatnim informacijama i aktuelnostima koje vas kao korisnika interesuju u vezi sa kompanijom UNIOR Components<br \/>\nNagla\u0161avamo da UNIOR Components mo\u017ee prikupljati li\u010dne podatke od korisnika internet sajta isklju\u010divo u skladu sa odredbama Zakona o za\u0161titi podataka o li\u010dnosti (\u201eSlu\u017ebeni glasnik Republike Srbije\u201c br. 97\/2008, 104\/2009, 68\/2012 i 107\/2012), (u daljem tekstu: Zakon).<\/p>\n<h3>Pristup informacijama<\/h3>\n<p>Sve informacije koje nam pru\u017eite \u010duvaju se na na\u0161em serveru, i mogu im pristupiti isklju\u010divo ovla\u0161\u0107ena lica za obradu podataka, u svrhe navedene u ovoj politici ili u druge svrhe za koje je ste vi kao korisnici internet sajta dali odobrenje.<br \/>\nVa\u0161i podaci \u0107e se obra\u0111ivati i \u010duvati sve dok postoji va\u0161a saglasnost za to.<\/p>\n<h3>Upotreba \u201ecookies\u201c<\/h3>\n<p>Internet prezentacija UNIOR Components koristi kola\u010di\u0107e (eng. cookies) u prikupljanju podataka.<br \/>\nKola\u010di\u0107 je mala tekstualna datoteka koja se \u0161alje va\u0161em ra\u010dunaru prilikom posete nekoj internet prezentaciji. Kola\u010di\u0107i na internet prezentacijama kompanije UNIOR Components vr\u0161e veliki broj razli\u010ditih funkcija i omogu\u0107avaju vam efikasnije kretanje po stranicama, \u010duvaju va\u0161e omiljene postavke i doprinose boljem do\u017eivljaju internet prezentacije.<\/p>\n<p>Na internet prezentaciji se mogu koristiti i kola\u010di\u0107i koji nisu neophodni za njihovo funkcionisanje. Takve kola\u010di\u0107e ne koristimo za pra\u0107enje pona\u0161anja pojedina\u010dnih korisnika niti njihovu identifikaciju ve\u0107 za sticanje korisnih saznanja o na\u010dinu kori\u0161\u0107enja internet prezentacije tako da ih mo\u017eemo dalje unapre\u0111ivati za na\u0161e korisnike.<\/p>\n<p>Ukoliko ne \u017eelite da primate kola\u010di\u0107e, mo\u017eete svoj internet pretra\u017eiva\u010d podesiti tako da vas obave\u0161tava kada vam se kola\u010di\u0107i \u0161alju, a mo\u017eete i da odbijete prijem svih kola\u010di\u0107a. Tako\u0111e mo\u017eete da obri\u0161ete kola\u010di\u0107e koji su ve\u0107 postavljeni na va\u0161 ra\u010dunar.<br \/>\nOgrani\u010davanje ili blokiranje kola\u010di\u0107a koji se putem internet pretra\u017eiva\u010da postavljaju na va\u0161 ure\u0111aj se vr\u0161i pode\u0161avanjem postavki internet pregleda\u010da. Za vi\u0161e informacija mo\u017eete posetiti internet sajt www.aboutcookies.org koji sadr\u017ei detaljna uputstva o ovom postupku u razli\u010ditim internet pregleda\u010dima.<\/p>\n<h3>Prava intelektualne svojine<\/h3>\n<p>Kompletan sadr\u017eaj internet sajt UNIOR Components (svi tekstovi, fotografije, audio sadr\u017eaj i video materijal na ovom internet sajtu) jesu autorsko pravo ili vlasni\u0161tvo UNIOR Components.<br \/>\nKori\u0161\u0107enje sadr\u017eaja, osim na na\u010din opisan u ovim uslovima kori\u0161\u0107enja, bez pisane dozvole vlasnika sadr\u017eaja je strogo zabranjeno.<\/p>\n<h3>Funkcionisanje internet sajta<\/h3>\n<p>UNIOR Components ne garantuje da \u0107e internet sajt funkcionisati bez prekida ili gre\u0161aka, ali \u0107e nastojati da nedostatke otkloni u \u0161to kra\u0107em roku.<br \/>\nUNIOR Components nije odgovoran za materijalnu ili nematerijalnu \u0161tetu, direktnu ili indirektnu koja mo\u017ee da nastane kori\u0161\u0107enjem internet sajta ili njegovog sadr\u017eaja. Tako\u0111e, na\u0161 internet sajt mo\u017ee sadr\u017eati linkove ka drugim internet sajtovima koji su nezavisni od UNIOR Components i koji samim tim ne podle\u017eu ovoj Politici privatnosti i uslovima kori\u0161\u0107enja. UNIOR Components ne kontroli\u0161e i nije odgovoran za sadr\u017eaj, uslove kori\u0161\u0107enja, politiku privatnosti ili bezbednost drugih internet sajtova.<\/p>\n<h3>Maloletni posetioci internet sajta<\/h3>\n<p>Svi maloletni posetioci internet sajta su u obavezi da dobiju dozvolu svojih roditelja ili staratelja pre nego \u0161to nam pru\u017ee informacije o sebi. Maloletnim korisnicima koji nemaju ovakvo odobrenje nije dozvoljeno da daju li\u010dne informacije.<\/p>\n<p>Izmena politike privatnosti i uslova kori\u0161\u0107enja internet sajta<br \/>\nUNIOR Components zadr\u017eava pravo da u svakom trenutku izmeni politiku privatnosti i uslove kori\u0161\u0107enja ovog internet sajta.<br \/>\nMolimo da periodi\u010dno posetite ovu stranicu radi upoznavanja sa trenutno va\u017ee\u0107im uslovima kori\u0161\u0107enja.<\/p>\n","protected":false},"excerpt":{"rendered":"<p>Po\u0161tovani posetioci, Hvala na poseti na\u0161e internet prezentacije. Va\u0161 pristup na\u0161em sajtu podle\u017ee uslovima kori\u0161\u0107enja internet sajta i politici privatnosti, kao i va\u017ee\u0107im propisima Republike Srbije koji ure\u0111uju ovu oblast. Pristupom i kori\u0161\u0107enjem na\u0161eg internet sajta, prihvatate bez ograni\u010denja, ove uslove kori\u0161\u0107enja. UNIOR Components \u010duva privatnost svih posetilaca ovog internet sajta i \u0161titi li\u010dne podatke [&hellip;]<\/p>\n","protected":false},"author":5,"featured_media":0,"parent":0,"menu_order":0,"comment_status":"closed","ping_status":"closed","template":"","meta":{"_monsterinsights_skip_tracking":false,"_monsterinsights_sitenote_active":false,"_monsterinsights_sitenote_note":"","_monsterinsights_sitenote_category":0,"footnotes":""},"class_list":["post-4475","page","type-page","status-publish","hentry"],"aioseo_notices":[],"_links":{"self":[{"href":"https:\/\/kolektor-components.com\/sr\/wp-json\/wp\/v2\/pages\/4475","targetHints":{"allow":["GET"]}}],"collection":[{"href":"https:\/\/kolektor-components.com\/sr\/wp-json\/wp\/v2\/pages"}],"about":[{"href":"https:\/\/kolektor-components.com\/sr\/wp-json\/wp\/v2\/types\/page"}],"author":[{"embeddable":true,"href":"https:\/\/kolektor-components.com\/sr\/wp-json\/wp\/v2\/users\/5"}],"replies":[{"embeddable":true,"href":"https:\/\/kolektor-components.com\/sr\/wp-json\/wp\/v2\/comments?post=4475"}],"version-history":[{"count":0,"href":"https:\/\/kolektor-components.com\/sr\/wp-json\/wp\/v2\/pages\/4475\/revisions"}],"wp:attachment":[{"href":"https:\/\/kolektor-components.com\/sr\/wp-json\/wp\/v2\/media?parent=4475"}],"curies":[{"name":"wp","href":"https:\/\/api.w.org\/{rel}","templated":true}]}}